{"id":171,"date":"2020-10-07T04:15:26","date_gmt":"2020-10-07T02:15:26","guid":{"rendered":"https:\/\/altitude06.com\/fr\/?page_id=171"},"modified":"2020-10-13T10:44:13","modified_gmt":"2020-10-13T08:44:13","slug":"cgv-cgu","status":"publish","type":"page","link":"https:\/\/altitude06.com\/fr\/cgv-cgu\/","title":{"rendered":"CGV &#038; CGU"},"content":{"rendered":"\n<h3 class=\"wp-block-heading\">Edition, Conception &amp; H\u00e9bergement<\/h3>\n\n\n\n<p>Ce site est \u00e9dit\u00e9 par Altitude06, 802 Route de Plan Buisson, 06140 Tourrettes-sur-Loup, <a href=\"https:\/\/altitude06.com\/\" target=\"_blank\" rel=\"noreferrer noopener\">https:\/\/altitude06.com\/<\/a><\/p>\n\n\n\n<p>Ce site est con\u00e7u par La Coop\u00e9rative du Web, <a rel=\"noreferrer noopener\" href=\"http:\/\/lacooperativeduweb.fr\/\" target=\"_blank\">info@lacooperativeduweb.fr<\/a><\/p>\n\n\n\n<p>Ce site est h\u00e9berg\u00e9 par OVH, <a rel=\"noreferrer noopener\" href=\"https:\/\/www.ovh.com\/\" target=\"_blank\">https:\/\/www.ovh.com\/<\/a><\/p>\n\n\n\n<h3 class=\"wp-block-heading\">Copyright<\/h3>\n\n\n\n<p>En application du Code Fran\u00e7ais de la Propri\u00e9t\u00e9 Intellectuelle, la reproduction pour un usage autre que priv\u00e9, la vente, la diffusion,<br>la publication, l\u2019adaptation ou la communication, partielles ou int\u00e9grales, des donn\u00e9es sont strictement soumises \u00e0 l\u2019autorisation \u00e9crite et pr\u00e9alable des d\u00e9tenteurs des droits, soit, Graphisme et Design: La Coop\u00e9rative du Web<\/p>\n\n\n\n<h3 class=\"wp-block-heading\">Exon\u00e9ration de la responsabilit\u00e9 du contenu du site<\/h3>\n\n\n\n<p>La Coop\u00e9rative du Web, en tant que cr\u00e9ateur du site Internet, ne peut garantir l&rsquo;exactitude, la pr\u00e9cision ou l&rsquo;exhaustivit\u00e9 des informations<br>mises \u00e0 la disposition sur ce site, qui sont sous la responsabilit\u00e9 du client final, propri\u00e9taire du nom de domaine et \u00e0 l&rsquo;origine des<br>informations pr\u00e9sent\u00e9es sur ce site. En cons\u00e9quence, La Coop\u00e9rative du Web et Altitude06 d\u00e9cline toute responsabilit\u00e9 pour toute impr\u00e9cision, inexactitude ou omission portant sur des informations disponibles sur ce site. Les caract\u00e9ristiques techniques, descriptions, photographies et<br>r\u00e9f\u00e9rences des produits contenues sur ce site sont sujettes \u00e0 modification sans pr\u00e9avis.<\/p>\n\n\n\n<h3 class=\"wp-block-heading\">Evolution du site<\/h3>\n\n\n\n<p>Les \u00e9l\u00e9ments pr\u00e9sent\u00e9s dans ce site sont susceptibles de modification sans pr\u00e9avis et sont mis \u00e0 disposition sans aucune garantie,<br>expresse ou implicite, d&rsquo;aucune sorte et ne peuvent donner lieu \u00e0 un quelconque droit \u00e0 d\u00e9dommagement.<\/p>\n\n\n\n<h3 class=\"wp-block-heading\">Exon\u00e9ration de la responsabilit\u00e9 du contenu des sites r\u00e9f\u00e9renc\u00e9s<\/h3>\n\n\n\n<p>Les liens hypertextes mis en place dans le cadre du pr\u00e9sent site Internet en direction d&rsquo;autres ressources pr\u00e9sentes sur le r\u00e9seau Internet ne sont propos\u00e9s que pour des raisons de commodit\u00e9 et ni leur contenu ou les liens qu&rsquo;ils contiennent, ni les changements ou mises \u00e0 jour qui leur sont apport\u00e9s ne sauraient engager la responsabilit\u00e9 de Altitude06<\/p>\n\n\n\n<h3 class=\"wp-block-heading\">Exon\u00e9ration de la responsabilit\u00e9 technique<\/h3>\n\n\n\n<p>Altitude06 d\u00e9cline toute responsabilit\u00e9 en cas de difficult\u00e9 d&rsquo;acc\u00e8s \u00e0 son site ou d&rsquo;interruptions dans la connexion quelles qu&rsquo;en soient les causes. De plus, elle ne saurait \u00eatre tenu responsable d&rsquo;un dommage ou virus qui pourrait infecter votre ordinateur ou tout mat\u00e9riel informatique, suite \u00e0 une utilisation ou acc\u00e8s au site ou t\u00e9l\u00e9chargement provenant de ce site.<\/p>\n\n\n\n<h3 class=\"wp-block-heading\">Collecte de donn\u00e9es personnelles &amp; Cookies<\/h3>\n\n\n\n<p>Nous vous rappelons que vous disposez d&rsquo;un droit d&rsquo;acc\u00e8s, de modification, de rectification et de suppression des donn\u00e9es qui vous<br>concernent (art. 34 de la loi \u00ab\u00a0Informatique et libert\u00e9s\u00a0\u00bb du 6 janvier 1978). Pour exercer ce droit, adressez-vous \u00e0 : info@altitude06.fr.<\/p>\n\n\n\n<p>Nous ne collectons l&rsquo;adresse e-mail des visiteurs uniquement si ces derniers nous la communiquent d\u00e9lib\u00e9r\u00e9ment.<\/p>\n\n\n\n<p>Les donn\u00e9es de trafic et les \u00e9ventuels fichiers de cookies que nous installons sur votre ordinateur ont uniquement pour objectif de<br>nous permettre d&rsquo;analyser la fr\u00e9quentation des pages web de ce site afin d&rsquo;en am\u00e9liorer le contenu. Les donn\u00e9es relatives \u00e0 la<br>navigation des visiteurs ne sont pas exploit\u00e9es nominativement. Il s&rsquo;agit de statistiques globales permettant de conna\u00eetre les pages<br>plus ou moins populaires, les niveaux d&rsquo;activit\u00e9 par jour et par heure, les principales erreurs client ou serveur.<br>Nous vous rappelons que vous disposez, dans votre logiciel de navigation, de la possibilit\u00e9 de bloquer l&rsquo;implantation de cookies sur votre ordinateur<\/p>\n\n\n\n<h3 class=\"wp-block-heading\">Propri\u00e9t\u00e9 intellectuelle et droit de reproduction<\/h3>\n\n\n\n<p>L&rsquo;ensemble de ce site rel\u00e8ve de la l\u00e9gislation fran\u00e7aise et internationale sur le droit d&rsquo;auteur et la propri\u00e9t\u00e9 intellectuelle. Tous les droits de reproduction sont r\u00e9serv\u00e9s, y compris pour les documents t\u00e9l\u00e9chargeables et les repr\u00e9sentations iconographiques et photographiques.<\/p>\n\n\n\n<p>Toute repr\u00e9sentation et\/ou reproduction et\/ou exploitation partielle ou totale de ce site, par quelques proc\u00e9d\u00e9s que se soient, sans<br>l&rsquo;autorisation expresse et pr\u00e9alable d&rsquo;Altitude06 est interdite et constituerait une contrefa\u00e7on au sens des articles L 335-2 et suivants du code de la propri\u00e9t\u00e9 intellectuelle.<\/p>\n\n\n\n<p>Le contenu de ce site (textes, images, photos, musiques, \u2026) a \u00e9t\u00e9 fourni par le client qui s&rsquo;est d\u00e9clar\u00e9 propri\u00e9taire de ces sources ou ayant les droits pour assurer leur diffusion sur ce site. Le client, en tant qu&rsquo;\u00e9diteur du site, est responsable de son contenu soit parce qu&rsquo;il a fourni ce contenu lors de la cr\u00e9ation du site dans le cas d&rsquo;un site statique, soit parce qu&rsquo;il alimente r\u00e9guli\u00e8rement la base de donn\u00e9es sur laquelle repose ce site dans le cas d&rsquo;un site dynamique. En aucun cas La Coop\u00e9rative du Web ne pourra \u00eatre qualifi\u00e9e d&rsquo;\u00e9diteur de ce site.<\/p>\n\n\n\n<p>Les liens hypertextes mis en \u0153uvre au sein du site en direction d&rsquo;autres sites et\/ou de pages personnelles et d&rsquo;une mani\u00e8re g\u00e9n\u00e9rale vers toutes ressources existantes sur internet ne sauraient engager la responsabilit\u00e9 d&rsquo;Altitude06. La capture d&rsquo;informations nominatives pour enrichir des bases de donn\u00e9es, par exemple \u00e0 des fins commerciales ou publicitaires, est interdite.<\/p>\n\n\n\n<h3 class=\"wp-block-heading\">Reproduction sur support papier et \u00e9lectronique<\/h3>\n\n\n\n<p>La reproduction sur papier (\u00e0 l&rsquo;exception de l&rsquo;iconographie) et la reproduction des pages de ce site sur un support papier est autoris\u00e9e,<br>sous r\u00e9serve du respect des conditions suivantes :<\/p>\n\n\n\n<ul class=\"wp-block-list\"><li>Gratuit\u00e9 de la diffusion<\/li><li>Respect de l&rsquo;int\u00e9grit\u00e9 des documents reproduits (aucune modification, ni alt\u00e9ration d&rsquo;aucune sorte)<\/li><li>Citation explicite du site comme source et mention et de la mention \u00ab\u00a0droits r\u00e9serv\u00e9s \u00ab\u00a0<\/li><\/ul>\n\n\n\n<p>La reproduction sur support \u00e9lectronique, la reproduction de tout ou partie de ce site sur un support \u00e9lectronique est interdite sauf dans les conditions suivantes : <\/p>\n\n\n\n<ul class=\"wp-block-list\"><li>Copie des pages ou fichiers pour consultation hors ligne ou pour usage interne et sous r\u00e9serve de l&rsquo;ajout de fa\u00e7on claire et lisible de la source et de la mention \u00ab\u00a0Droits r\u00e9serv\u00e9sAucune page ou extrait de ce site ou de fichiers PDF ne peuvent \u00eatre reproduits ou transmis ou enregistr\u00e9s dans d&rsquo;autres sites sans autorisation expresse de Altitude06<\/li><li>Les Logos sont des marques d\u00e9pos\u00e9es. Toute repr\u00e9sentation et\/ou reproduction et\/ou exploitation partielle ou totale de ces marques est donc prohib\u00e9e sans l&rsquo;accord pr\u00e9alable \u00e9crit de Altitude06<\/li><li>Les liens hypertextes mis en oeuvre au sein du site en direction d&rsquo;autres sites et\/ou de pages personnelles et d&rsquo;une mani\u00e8re g\u00e9n\u00e9rale vers toutes ressources existantes sur internet ne sauraient engager la responsabilit\u00e9 de Altitude06.<\/li><li>La capture d&rsquo;informations nominatives pour enrichir des bases de donn\u00e9es, par exemple \u00e0 des fins commerciales ou publicitaires, est interdite.<\/li><\/ul>\n\n\n\n<h3 class=\"wp-block-heading\">Liens vers ce site Internet<\/h3>\n\n\n\n<p>Vous avez la facult\u00e9, sans autorisation pr\u00e9alable, de faire, depuis un autre site, un lien vers le site que vous visitez actuellement. Toutefois, Altitude06 n&rsquo;autorise pas l&rsquo;utilisation de cadres qui laissent supposer aux internautes qu&rsquo;ils consultent un autre site que celui-ci.<\/p>\n","protected":false},"excerpt":{"rendered":"<p>Edition, Conception &amp; H\u00e9bergement Ce site est \u00e9dit\u00e9 par Altitude06, 802 Route de Plan Buisson, 06140 Tourrettes-sur-Loup, https:\/\/altitude06.com\/ Ce site est con\u00e7u par La Coop\u00e9rative du Web, info@lacooperativeduweb.fr Ce site est h\u00e9berg\u00e9 par OVH, https:\/\/www.ovh.com\/ Copyright En application du Code Fran\u00e7ais de la Propri\u00e9t\u00e9 Intellectuelle, la reproduction pour un usage autre que priv\u00e9, la vente,<\/p>\n","protected":false},"author":2,"featured_media":0,"parent":0,"menu_order":0,"comment_status":"closed","ping_status":"closed","template":"","meta":{"footnotes":""},"class_list":["post-171","page","type-page","status-publish","hentry"],"yoast_head":"<!-- This site is optimized with the Yoast SEO plugin v25.3.1 - https:\/\/yoast.com\/wordpress\/plugins\/seo\/ -->\n<title>CGV &amp; CGU - Altitude06<\/title>\n<meta name=\"robots\" content=\"index, follow, max-snippet:-1, max-image-preview:large, max-video-preview:-1\" \/>\n<link rel=\"canonical\" href=\"https:\/\/altitude06.com\/fr\/cgv-cgu\/\" \/>\n<meta property=\"og:locale\" content=\"fr_FR\" \/>\n<meta property=\"og:type\" content=\"article\" \/>\n<meta property=\"og:title\" content=\"CGV &amp; CGU - Altitude06\" \/>\n<meta property=\"og:description\" content=\"Edition, Conception &amp; H\u00e9bergement Ce site est \u00e9dit\u00e9 par Altitude06, 802 Route de Plan Buisson, 06140 Tourrettes-sur-Loup, https:\/\/altitude06.com\/ Ce site est con\u00e7u par La Coop\u00e9rative du Web, info@lacooperativeduweb.fr Ce site est h\u00e9berg\u00e9 par OVH, https:\/\/www.ovh.com\/ Copyright En application du Code Fran\u00e7ais de la Propri\u00e9t\u00e9 Intellectuelle, la reproduction pour un usage autre que priv\u00e9, la vente,\" \/>\n<meta property=\"og:url\" content=\"https:\/\/altitude06.com\/fr\/cgv-cgu\/\" \/>\n<meta property=\"og:site_name\" content=\"Altitude06\" \/>\n<meta property=\"article:modified_time\" content=\"2020-10-13T08:44:13+00:00\" \/>\n<meta name=\"twitter:card\" content=\"summary_large_image\" \/>\n<meta name=\"twitter:label1\" content=\"Dur\u00e9e de lecture estim\u00e9e\" \/>\n\t<meta name=\"twitter:data1\" content=\"6 minutes\" \/>\n<script type=\"application\/ld+json\" class=\"yoast-schema-graph\">{\"@context\":\"https:\/\/schema.org\",\"@graph\":[{\"@type\":\"WebPage\",\"@id\":\"https:\/\/altitude06.com\/fr\/cgv-cgu\/\",\"url\":\"https:\/\/altitude06.com\/fr\/cgv-cgu\/\",\"name\":\"CGV & CGU - Altitude06\",\"isPartOf\":{\"@id\":\"https:\/\/altitude06.com\/fr\/#website\"},\"datePublished\":\"2020-10-07T02:15:26+00:00\",\"dateModified\":\"2020-10-13T08:44:13+00:00\",\"breadcrumb\":{\"@id\":\"https:\/\/altitude06.com\/fr\/cgv-cgu\/#breadcrumb\"},\"inLanguage\":\"fr-FR\",\"potentialAction\":[{\"@type\":\"ReadAction\",\"target\":[\"https:\/\/altitude06.com\/fr\/cgv-cgu\/\"]}]},{\"@type\":\"BreadcrumbList\",\"@id\":\"https:\/\/altitude06.com\/fr\/cgv-cgu\/#breadcrumb\",\"itemListElement\":[{\"@type\":\"ListItem\",\"position\":1,\"name\":\"Accueil\",\"item\":\"https:\/\/altitude06.com\/fr\/\"},{\"@type\":\"ListItem\",\"position\":2,\"name\":\"CGV &#038; CGU\"}]},{\"@type\":\"WebSite\",\"@id\":\"https:\/\/altitude06.com\/fr\/#website\",\"url\":\"https:\/\/altitude06.com\/fr\/\",\"name\":\"Altitude06\",\"description\":\"Venez d\u00e9couvrir nos sorties canyoning, via-ferrata &amp; s\u00e9jours sur Nice et la r\u00e9gion Alpes-Maritimes!\",\"publisher\":{\"@id\":\"https:\/\/altitude06.com\/fr\/#organization\"},\"potentialAction\":[{\"@type\":\"SearchAction\",\"target\":{\"@type\":\"EntryPoint\",\"urlTemplate\":\"https:\/\/altitude06.com\/fr\/?s={search_term_string}\"},\"query-input\":{\"@type\":\"PropertyValueSpecification\",\"valueRequired\":true,\"valueName\":\"search_term_string\"}}],\"inLanguage\":\"fr-FR\"},{\"@type\":\"Organization\",\"@id\":\"https:\/\/altitude06.com\/fr\/#organization\",\"name\":\"Altitude06\",\"url\":\"https:\/\/altitude06.com\/fr\/\",\"logo\":{\"@type\":\"ImageObject\",\"inLanguage\":\"fr-FR\",\"@id\":\"https:\/\/altitude06.com\/fr\/#\/schema\/logo\/image\/\",\"url\":\"https:\/\/altitude06.com\/fr\/wp-content\/uploads\/2020\/01\/cropped-New-Project.png\",\"contentUrl\":\"https:\/\/altitude06.com\/fr\/wp-content\/uploads\/2020\/01\/cropped-New-Project.png\",\"width\":512,\"height\":512,\"caption\":\"Altitude06\"},\"image\":{\"@id\":\"https:\/\/altitude06.com\/fr\/#\/schema\/logo\/image\/\"}}]}<\/script>\n<!-- \/ Yoast SEO plugin. -->","yoast_head_json":{"title":"CGV & CGU - Altitude06","robots":{"index":"index","follow":"follow","max-snippet":"max-snippet:-1","max-image-preview":"max-image-preview:large","max-video-preview":"max-video-preview:-1"},"canonical":"https:\/\/altitude06.com\/fr\/cgv-cgu\/","og_locale":"fr_FR","og_type":"article","og_title":"CGV & CGU - Altitude06","og_description":"Edition, Conception &amp; H\u00e9bergement Ce site est \u00e9dit\u00e9 par Altitude06, 802 Route de Plan Buisson, 06140 Tourrettes-sur-Loup, https:\/\/altitude06.com\/ Ce site est con\u00e7u par La Coop\u00e9rative du Web, info@lacooperativeduweb.fr Ce site est h\u00e9berg\u00e9 par OVH, https:\/\/www.ovh.com\/ Copyright En application du Code Fran\u00e7ais de la Propri\u00e9t\u00e9 Intellectuelle, la reproduction pour un usage autre que priv\u00e9, la vente,","og_url":"https:\/\/altitude06.com\/fr\/cgv-cgu\/","og_site_name":"Altitude06","article_modified_time":"2020-10-13T08:44:13+00:00","twitter_card":"summary_large_image","twitter_misc":{"Dur\u00e9e de lecture estim\u00e9e":"6 minutes"},"schema":{"@context":"https:\/\/schema.org","@graph":[{"@type":"WebPage","@id":"https:\/\/altitude06.com\/fr\/cgv-cgu\/","url":"https:\/\/altitude06.com\/fr\/cgv-cgu\/","name":"CGV & CGU - Altitude06","isPartOf":{"@id":"https:\/\/altitude06.com\/fr\/#website"},"datePublished":"2020-10-07T02:15:26+00:00","dateModified":"2020-10-13T08:44:13+00:00","breadcrumb":{"@id":"https:\/\/altitude06.com\/fr\/cgv-cgu\/#breadcrumb"},"inLanguage":"fr-FR","potentialAction":[{"@type":"ReadAction","target":["https:\/\/altitude06.com\/fr\/cgv-cgu\/"]}]},{"@type":"BreadcrumbList","@id":"https:\/\/altitude06.com\/fr\/cgv-cgu\/#breadcrumb","itemListElement":[{"@type":"ListItem","position":1,"name":"Accueil","item":"https:\/\/altitude06.com\/fr\/"},{"@type":"ListItem","position":2,"name":"CGV &#038; CGU"}]},{"@type":"WebSite","@id":"https:\/\/altitude06.com\/fr\/#website","url":"https:\/\/altitude06.com\/fr\/","name":"Altitude06","description":"Venez d\u00e9couvrir nos sorties canyoning, via-ferrata &amp; s\u00e9jours sur Nice et la r\u00e9gion Alpes-Maritimes!","publisher":{"@id":"https:\/\/altitude06.com\/fr\/#organization"},"potentialAction":[{"@type":"SearchAction","target":{"@type":"EntryPoint","urlTemplate":"https:\/\/altitude06.com\/fr\/?s={search_term_string}"},"query-input":{"@type":"PropertyValueSpecification","valueRequired":true,"valueName":"search_term_string"}}],"inLanguage":"fr-FR"},{"@type":"Organization","@id":"https:\/\/altitude06.com\/fr\/#organization","name":"Altitude06","url":"https:\/\/altitude06.com\/fr\/","logo":{"@type":"ImageObject","inLanguage":"fr-FR","@id":"https:\/\/altitude06.com\/fr\/#\/schema\/logo\/image\/","url":"https:\/\/altitude06.com\/fr\/wp-content\/uploads\/2020\/01\/cropped-New-Project.png","contentUrl":"https:\/\/altitude06.com\/fr\/wp-content\/uploads\/2020\/01\/cropped-New-Project.png","width":512,"height":512,"caption":"Altitude06"},"image":{"@id":"https:\/\/altitude06.com\/fr\/#\/schema\/logo\/image\/"}}]}},"_links":{"self":[{"href":"https:\/\/altitude06.com\/fr\/wp-json\/wp\/v2\/pages\/171","targetHints":{"allow":["GET"]}}],"collection":[{"href":"https:\/\/altitude06.com\/fr\/wp-json\/wp\/v2\/pages"}],"about":[{"href":"https:\/\/altitude06.com\/fr\/wp-json\/wp\/v2\/types\/page"}],"author":[{"embeddable":true,"href":"https:\/\/altitude06.com\/fr\/wp-json\/wp\/v2\/users\/2"}],"replies":[{"embeddable":true,"href":"https:\/\/altitude06.com\/fr\/wp-json\/wp\/v2\/comments?post=171"}],"version-history":[{"count":2,"href":"https:\/\/altitude06.com\/fr\/wp-json\/wp\/v2\/pages\/171\/revisions"}],"predecessor-version":[{"id":175,"href":"https:\/\/altitude06.com\/fr\/wp-json\/wp\/v2\/pages\/171\/revisions\/175"}],"wp:attachment":[{"href":"https:\/\/altitude06.com\/fr\/wp-json\/wp\/v2\/media?parent=171"}],"curies":[{"name":"wp","href":"https:\/\/api.w.org\/{rel}","templated":true}]}}