{"id":46,"date":"2019-12-11T20:54:53","date_gmt":"2019-12-11T19:54:53","guid":{"rendered":"http:\/\/altitude06.com\/fr\/?page_id=46"},"modified":"2020-06-01T14:45:16","modified_gmt":"2020-06-01T12:45:16","slug":"faq","status":"publish","type":"page","link":"https:\/\/altitude06.com\/fr\/faq\/","title":{"rendered":"FAQ"},"content":{"rendered":"\n<p class=\"has-text-align-center\">Vous recherchez une information ? Les questions les plus fr\u00e9quemment pos\u00e9es sont recens\u00e9es dans notre FAQ. N&rsquo;h\u00e9sitez pas \u00e0 nous <a href=\"https:\/\/altitude06.com\/fr\/contact\/\"><strong>contacter<\/strong><\/a> en cas de besoin!<\/p>\n\n\n\n<h4 class=\"wp-block-heading\">Q: Bonjour, comment r\u00e9server un canyon? <\/h4>\n\n\n\n<p>R: Apr\u00e8s nous avoir contacter par t\u00e9l\u00e9phone, pour planifier le jour et l&rsquo;heure, il faut nous envoyer un texto\/sms avec poids et tailles de chaque participants.<\/p>\n\n\n\n<h4 class=\"wp-block-heading\">Q: <strong>Faut il pr\u00e9voir une cr\u00e8me solaire? <\/strong><\/h4>\n\n\n\n<p>R: Non, car vous \u00eates constamment dans l&rsquo;eau.<\/p>\n\n\n\n<h4 class=\"wp-block-heading\">Q: <strong>J&rsquo;ai une paire de chaussure aquatique, puis je l&rsquo;utiliser pour une descente de canyon?<\/strong><\/h4>\n\n\n\n<p>R: Oui, l&rsquo;essentiel c&rsquo;est que votre chaussure soit bien maintenu \u00e0 votre pied. Perdre votre chaussure au premier saut serait dommage.<\/p>\n\n\n\n<h4 class=\"wp-block-heading\">Q: Pouvez vous m&rsquo;indiquer la temp\u00e9rature de l&rsquo;eau ?<\/h4>\n\n\n\n<p>R: La temp\u00e9rature de l&rsquo;eau est d&rsquo;environ de 15\u00b0. A savoir que nos combinaisons de canyon en n\u00e9opr\u00e9ne de 5mm d&rsquo;\u00e9paisseur vous prot\u00e8gent du froid.<\/p>\n\n\n\n<h4 class=\"wp-block-heading\">Q: Nous souhaitons organiser un enterrement de vie de gar\u00e7on\/jeune-fille dans un canyon, pouvez vous me donner des conseils?<\/h4>\n\n\n\n<p>R: Le canyon du Loup est id\u00e9al pour organiser un \u00e9v\u00e9nement ludique .Tout le monde peut participer ,sportif et non sportif.<\/p>\n\n\n\n<h4 class=\"wp-block-heading\">Q: Faut il savoir nager?<\/h4>\n\n\n\n<p>R: Il n&rsquo;est pas n\u00e9cessaire de savoir nager. Les combinaisons de canyon en n\u00e9opr\u00e8ne vous assure une flottabilit\u00e9.<\/p>\n\n\n\n<h4 class=\"wp-block-heading\">Q: Puis-je suivre mes enfants en bordure de la rivi\u00e8re?<\/h4>\n\n\n\n<p>R: Oui, mais vous devez obligatoirement avoir une combinaison de canyon, car il n&rsquo;y a pas de chemin le long du cour d&rsquo;eau. Baignade obligatoire.<\/p>\n\n\n\n<h4 class=\"wp-block-heading\">Q: A partir de quel \u00e2ge peut on participer \u00e0 une descente de canyon dans les Gorges du Loup<\/h4>\n\n\n\n<p>R: L&rsquo;age minimum est de 8 ans. il faut \u00eatre \u00e0 l&rsquo;aise dans l&rsquo;eau<\/p>\n\n\n\n<h4 class=\"wp-block-heading\">Q: J&rsquo;ai un enfant avec un l\u00e9ger handicape, peut-il pratiquer le canyon?<\/h4>\n\n\n\n<p>R: Sur le principe, nous ne sommes pas contre. Il faudra discuter avec l&rsquo;organisateur et pr\u00e9voir un guide priv\u00e9 uniquement pour vous, en cas de progression tr\u00e8s lente ou d\u2019arr\u00eat en cour de parcours.<\/p>\n\n\n\n<h4 class=\"wp-block-heading\">Q: Je porte des lunettes de vue, puis-je effectuer une descente de canyon?<\/h4>\n\n\n\n<p>R: Oui, je vous conseille de les prendre avec vous et de les glisser dans le haut de votre combinaison, avant chaque obstacle. Si vous prenez l&rsquo;option lentilles de contact, il faudra fermer les yeux au contact direct de l&rsquo;eau.<\/p>\n\n\n\n<h4 class=\"wp-block-heading\">Q: Ma femme est enceinte, peut-elle venir avec moi pour effectuer une descente de canyon du Loup. <\/h4>\n\n\n\n<p>R: Il n&rsquo;est pas vraiment conseill\u00e9 pour les femmes enceintes. Elle peut \u00e9ventuellement vous suivre en \u00e9vitant tout les obstacles: sauts et toboggans.<\/p>\n\n\n\n<h4 class=\"wp-block-heading\">Q: Est il possible de s\u2019arr\u00eater en cour de parcours, dans le canyon du Loup. <\/h4>\n\n\n\n<p>R: Oui, il y a des \u00e9chappatoires, mais le but est d&rsquo;aller jusqu&rsquo;au bout. A savoir que vous \u00eates en groupe, et que vous pouvez contourner les difficult\u00e9s, en cas de fatigue.<\/p>\n","protected":false},"excerpt":{"rendered":"<p>Vous recherchez une information ? Les questions les plus fr\u00e9quemment pos\u00e9es sont recens\u00e9es dans notre FAQ. N&rsquo;h\u00e9sitez pas \u00e0 nous contacter en cas de besoin! Q: Bonjour, comment r\u00e9server un canyon? R: Apr\u00e8s nous avoir contacter par t\u00e9l\u00e9phone, pour planifier le jour et l&rsquo;heure, il faut nous envoyer un texto\/sms avec poids et tailles de<\/p>\n","protected":false},"author":2,"featured_media":17,"parent":0,"menu_order":0,"comment_status":"closed","ping_status":"closed","template":"","meta":{"footnotes":""},"class_list":["post-46","page","type-page","status-publish","has-post-thumbnail","hentry"],"yoast_head":"<!-- This site is optimized with the Yoast SEO plugin v25.3.1 - https:\/\/yoast.com\/wordpress\/plugins\/seo\/ -->\n<title>FAQ - Altitude06<\/title>\n<meta name=\"robots\" content=\"index, follow, max-snippet:-1, max-image-preview:large, max-video-preview:-1\" \/>\n<link rel=\"canonical\" href=\"https:\/\/altitude06.com\/fr\/faq\/\" \/>\n<meta property=\"og:locale\" content=\"fr_FR\" \/>\n<meta property=\"og:type\" content=\"article\" \/>\n<meta property=\"og:title\" content=\"FAQ - Altitude06\" \/>\n<meta property=\"og:description\" content=\"Vous recherchez une information ? Les questions les plus fr\u00e9quemment pos\u00e9es sont recens\u00e9es dans notre FAQ. N&rsquo;h\u00e9sitez pas \u00e0 nous contacter en cas de besoin! Q: Bonjour, comment r\u00e9server un canyon? R: Apr\u00e8s nous avoir contacter par t\u00e9l\u00e9phone, pour planifier le jour et l&rsquo;heure, il faut nous envoyer un texto\/sms avec poids et tailles de\" \/>\n<meta property=\"og:url\" content=\"https:\/\/altitude06.com\/fr\/faq\/\" \/>\n<meta property=\"og:site_name\" content=\"Altitude06\" \/>\n<meta property=\"article:modified_time\" content=\"2020-06-01T12:45:16+00:00\" \/>\n<meta property=\"og:image\" content=\"https:\/\/altitude06.com\/fr\/wp-content\/uploads\/2019\/12\/ezgif-6-3968c32ad8fc.jpg\" \/>\n\t<meta property=\"og:image:width\" content=\"1200\" \/>\n\t<meta property=\"og:image:height\" content=\"900\" \/>\n\t<meta property=\"og:image:type\" content=\"image\/jpeg\" \/>\n<meta name=\"twitter:card\" content=\"summary_large_image\" \/>\n<meta name=\"twitter:label1\" content=\"Dur\u00e9e de lecture estim\u00e9e\" \/>\n\t<meta name=\"twitter:data1\" content=\"2 minutes\" \/>\n<script type=\"application\/ld+json\" class=\"yoast-schema-graph\">{\"@context\":\"https:\/\/schema.org\",\"@graph\":[{\"@type\":\"WebPage\",\"@id\":\"https:\/\/altitude06.com\/fr\/faq\/\",\"url\":\"https:\/\/altitude06.com\/fr\/faq\/\",\"name\":\"FAQ - Altitude06\",\"isPartOf\":{\"@id\":\"https:\/\/altitude06.com\/fr\/#website\"},\"primaryImageOfPage\":{\"@id\":\"https:\/\/altitude06.com\/fr\/faq\/#primaryimage\"},\"image\":{\"@id\":\"https:\/\/altitude06.com\/fr\/faq\/#primaryimage\"},\"thumbnailUrl\":\"https:\/\/altitude06.com\/fr\/wp-content\/uploads\/2019\/12\/ezgif-6-3968c32ad8fc.jpg\",\"datePublished\":\"2019-12-11T19:54:53+00:00\",\"dateModified\":\"2020-06-01T12:45:16+00:00\",\"breadcrumb\":{\"@id\":\"https:\/\/altitude06.com\/fr\/faq\/#breadcrumb\"},\"inLanguage\":\"fr-FR\",\"potentialAction\":[{\"@type\":\"ReadAction\",\"target\":[\"https:\/\/altitude06.com\/fr\/faq\/\"]}]},{\"@type\":\"ImageObject\",\"inLanguage\":\"fr-FR\",\"@id\":\"https:\/\/altitude06.com\/fr\/faq\/#primaryimage\",\"url\":\"https:\/\/altitude06.com\/fr\/wp-content\/uploads\/2019\/12\/ezgif-6-3968c32ad8fc.jpg\",\"contentUrl\":\"https:\/\/altitude06.com\/fr\/wp-content\/uploads\/2019\/12\/ezgif-6-3968c32ad8fc.jpg\",\"width\":1200,\"height\":900},{\"@type\":\"BreadcrumbList\",\"@id\":\"https:\/\/altitude06.com\/fr\/faq\/#breadcrumb\",\"itemListElement\":[{\"@type\":\"ListItem\",\"position\":1,\"name\":\"Accueil\",\"item\":\"https:\/\/altitude06.com\/fr\/\"},{\"@type\":\"ListItem\",\"position\":2,\"name\":\"FAQ\"}]},{\"@type\":\"WebSite\",\"@id\":\"https:\/\/altitude06.com\/fr\/#website\",\"url\":\"https:\/\/altitude06.com\/fr\/\",\"name\":\"Altitude06\",\"description\":\"Venez d\u00e9couvrir nos sorties canyoning, via-ferrata &amp; s\u00e9jours sur Nice et la r\u00e9gion Alpes-Maritimes!\",\"publisher\":{\"@id\":\"https:\/\/altitude06.com\/fr\/#organization\"},\"potentialAction\":[{\"@type\":\"SearchAction\",\"target\":{\"@type\":\"EntryPoint\",\"urlTemplate\":\"https:\/\/altitude06.com\/fr\/?s={search_term_string}\"},\"query-input\":{\"@type\":\"PropertyValueSpecification\",\"valueRequired\":true,\"valueName\":\"search_term_string\"}}],\"inLanguage\":\"fr-FR\"},{\"@type\":\"Organization\",\"@id\":\"https:\/\/altitude06.com\/fr\/#organization\",\"name\":\"Altitude06\",\"url\":\"https:\/\/altitude06.com\/fr\/\",\"logo\":{\"@type\":\"ImageObject\",\"inLanguage\":\"fr-FR\",\"@id\":\"https:\/\/altitude06.com\/fr\/#\/schema\/logo\/image\/\",\"url\":\"https:\/\/altitude06.com\/fr\/wp-content\/uploads\/2020\/01\/cropped-New-Project.png\",\"contentUrl\":\"https:\/\/altitude06.com\/fr\/wp-content\/uploads\/2020\/01\/cropped-New-Project.png\",\"width\":512,\"height\":512,\"caption\":\"Altitude06\"},\"image\":{\"@id\":\"https:\/\/altitude06.com\/fr\/#\/schema\/logo\/image\/\"}}]}<\/script>\n<!-- \/ Yoast SEO plugin. -->","yoast_head_json":{"title":"FAQ - Altitude06","robots":{"index":"index","follow":"follow","max-snippet":"max-snippet:-1","max-image-preview":"max-image-preview:large","max-video-preview":"max-video-preview:-1"},"canonical":"https:\/\/altitude06.com\/fr\/faq\/","og_locale":"fr_FR","og_type":"article","og_title":"FAQ - Altitude06","og_description":"Vous recherchez une information ? Les questions les plus fr\u00e9quemment pos\u00e9es sont recens\u00e9es dans notre FAQ. N&rsquo;h\u00e9sitez pas \u00e0 nous contacter en cas de besoin! Q: Bonjour, comment r\u00e9server un canyon? R: Apr\u00e8s nous avoir contacter par t\u00e9l\u00e9phone, pour planifier le jour et l&rsquo;heure, il faut nous envoyer un texto\/sms avec poids et tailles de","og_url":"https:\/\/altitude06.com\/fr\/faq\/","og_site_name":"Altitude06","article_modified_time":"2020-06-01T12:45:16+00:00","og_image":[{"width":1200,"height":900,"url":"https:\/\/altitude06.com\/fr\/wp-content\/uploads\/2019\/12\/ezgif-6-3968c32ad8fc.jpg","type":"image\/jpeg"}],"twitter_card":"summary_large_image","twitter_misc":{"Dur\u00e9e de lecture estim\u00e9e":"2 minutes"},"schema":{"@context":"https:\/\/schema.org","@graph":[{"@type":"WebPage","@id":"https:\/\/altitude06.com\/fr\/faq\/","url":"https:\/\/altitude06.com\/fr\/faq\/","name":"FAQ - Altitude06","isPartOf":{"@id":"https:\/\/altitude06.com\/fr\/#website"},"primaryImageOfPage":{"@id":"https:\/\/altitude06.com\/fr\/faq\/#primaryimage"},"image":{"@id":"https:\/\/altitude06.com\/fr\/faq\/#primaryimage"},"thumbnailUrl":"https:\/\/altitude06.com\/fr\/wp-content\/uploads\/2019\/12\/ezgif-6-3968c32ad8fc.jpg","datePublished":"2019-12-11T19:54:53+00:00","dateModified":"2020-06-01T12:45:16+00:00","breadcrumb":{"@id":"https:\/\/altitude06.com\/fr\/faq\/#breadcrumb"},"inLanguage":"fr-FR","potentialAction":[{"@type":"ReadAction","target":["https:\/\/altitude06.com\/fr\/faq\/"]}]},{"@type":"ImageObject","inLanguage":"fr-FR","@id":"https:\/\/altitude06.com\/fr\/faq\/#primaryimage","url":"https:\/\/altitude06.com\/fr\/wp-content\/uploads\/2019\/12\/ezgif-6-3968c32ad8fc.jpg","contentUrl":"https:\/\/altitude06.com\/fr\/wp-content\/uploads\/2019\/12\/ezgif-6-3968c32ad8fc.jpg","width":1200,"height":900},{"@type":"BreadcrumbList","@id":"https:\/\/altitude06.com\/fr\/faq\/#breadcrumb","itemListElement":[{"@type":"ListItem","position":1,"name":"Accueil","item":"https:\/\/altitude06.com\/fr\/"},{"@type":"ListItem","position":2,"name":"FAQ"}]},{"@type":"WebSite","@id":"https:\/\/altitude06.com\/fr\/#website","url":"https:\/\/altitude06.com\/fr\/","name":"Altitude06","description":"Venez d\u00e9couvrir nos sorties canyoning, via-ferrata &amp; s\u00e9jours sur Nice et la r\u00e9gion Alpes-Maritimes!","publisher":{"@id":"https:\/\/altitude06.com\/fr\/#organization"},"potentialAction":[{"@type":"SearchAction","target":{"@type":"EntryPoint","urlTemplate":"https:\/\/altitude06.com\/fr\/?s={search_term_string}"},"query-input":{"@type":"PropertyValueSpecification","valueRequired":true,"valueName":"search_term_string"}}],"inLanguage":"fr-FR"},{"@type":"Organization","@id":"https:\/\/altitude06.com\/fr\/#organization","name":"Altitude06","url":"https:\/\/altitude06.com\/fr\/","logo":{"@type":"ImageObject","inLanguage":"fr-FR","@id":"https:\/\/altitude06.com\/fr\/#\/schema\/logo\/image\/","url":"https:\/\/altitude06.com\/fr\/wp-content\/uploads\/2020\/01\/cropped-New-Project.png","contentUrl":"https:\/\/altitude06.com\/fr\/wp-content\/uploads\/2020\/01\/cropped-New-Project.png","width":512,"height":512,"caption":"Altitude06"},"image":{"@id":"https:\/\/altitude06.com\/fr\/#\/schema\/logo\/image\/"}}]}},"_links":{"self":[{"href":"https:\/\/altitude06.com\/fr\/wp-json\/wp\/v2\/pages\/46","targetHints":{"allow":["GET"]}}],"collection":[{"href":"https:\/\/altitude06.com\/fr\/wp-json\/wp\/v2\/pages"}],"about":[{"href":"https:\/\/altitude06.com\/fr\/wp-json\/wp\/v2\/types\/page"}],"author":[{"embeddable":true,"href":"https:\/\/altitude06.com\/fr\/wp-json\/wp\/v2\/users\/2"}],"replies":[{"embeddable":true,"href":"https:\/\/altitude06.com\/fr\/wp-json\/wp\/v2\/comments?post=46"}],"version-history":[{"count":8,"href":"https:\/\/altitude06.com\/fr\/wp-json\/wp\/v2\/pages\/46\/revisions"}],"predecessor-version":[{"id":156,"href":"https:\/\/altitude06.com\/fr\/wp-json\/wp\/v2\/pages\/46\/revisions\/156"}],"wp:featuredmedia":[{"embeddable":true,"href":"https:\/\/altitude06.com\/fr\/wp-json\/wp\/v2\/media\/17"}],"wp:attachment":[{"href":"https:\/\/altitude06.com\/fr\/wp-json\/wp\/v2\/media?parent=46"}],"curies":[{"name":"wp","href":"https:\/\/api.w.org\/{rel}","templated":true}]}}